{"id":5967,"date":"2022-04-01T17:10:01","date_gmt":"2022-04-01T23:10:01","guid":{"rendered":"https:\/\/explotumarca.com\/?post_type=product&#038;p=5967"},"modified":"2022-04-11T13:06:00","modified_gmt":"2022-04-11T18:06:00","slug":"microfonos-de-expansion-para-sistema-group","status":"publish","type":"product","link":"https:\/\/explotumarca.com\/?product=microfonos-de-expansion-para-sistema-group","title":{"rendered":"MICR\u00d3FONOS DE EXPANSI\u00d3N PARA SISTEMA GROUP"},"content":{"rendered":"<h2 class=\"title js-title\">MICR\u00d3FONOS DE EXPANSI\u00d3N PARA SISTEMA GROUP<\/h2>\n<div class=\"large body js-subtitle\">Micr\u00f3fonos adicionales para grupos mayores<\/div>\n<div><\/div>\n<div><\/div>\n<div>\n<h2 class=\"body-copy-title font-title-l font-brown-bold dc-black tc-black mc-black \">SONIDO SUPERIOR EN SALAS GRANDES<\/h2>\n<p>Ampl\u00eda el alcance del sistema de videoconferencia GROUP con micr\u00f3fonos de expansi\u00f3n Logitech GROUP. Puede haber hasta 20 personas en una sala grande y se oir\u00e1 la voz de todas y cada una de ellas. Basta con conectar los micr\u00f3fonos al\u00a0altavoz de\u00a0<a href=\"https:\/\/www.logitech.com\/es-mx\/products\/video-conferencing\/conference-cameras\/group-conferencecam.html\">GROUP<\/a>. Se reconocen y configuran autom\u00e1ticamente. Un indicador luminoso muestra cu\u00e1ndo se ha silenciado el micr\u00f3fono, cu\u00e1ndo hay una llamada activa y cu\u00e1ndo se ha iniciado el emparejamiento inal\u00e1mbrico\u00a0<em>Bluetooth<sup>\u00ae<\/sup><\/em>.<\/p>\n<p>&nbsp;<\/p>\n<\/div>\n<p>Ll\u00e1manos al (55) 3342 8218 o d\u00e9janos tus datos <a href=\"https:\/\/explotumarca.com\/?page_id=14\">aqu\u00ed<\/a><\/p>\n","protected":false},"excerpt":{"rendered":"<p>MICR\u00d3FONOS DE EXPANSI\u00d3N PARA SISTEMA GROUP Micr\u00f3fonos adicionales para grupos mayores SONIDO SUPERIOR EN SALAS GRANDES Ampl\u00eda el alcance del sistema de videoconferencia GROUP con micr\u00f3fonos de expansi\u00f3n Logitech GROUP. Puede haber hasta 20 personas [&hellip;]<\/p>\n","protected":false},"featured_media":5970,"template":"","meta":{"content-type":""},"product_cat":[101],"product_tag":[],"class_list":{"0":"post-5967","1":"product","2":"type-product","3":"status-publish","4":"has-post-thumbnail","6":"product_cat-accesorios","8":"first","9":"instock","10":"taxable","11":"shipping-taxable","12":"product-type-simple"},"yoast_head":"<!-- This site is optimized with the Yoast SEO Premium plugin v18.8 (Yoast SEO v26.8) - https:\/\/yoast.com\/product\/yoast-seo-premium-wordpress\/ -->\n<title>Zoom videollamadas; venta de equipos especiales para zoom<\/title>\n<meta name=\"description\" content=\"Venta de equipos, salas, mantenimiento y capacitaci\u00f3n de zoom videollamadas para Empresas en M\u00e9xico. Cotiza los mejores equipos 2020.\" \/>\n<meta name=\"robots\" content=\"index, follow, max-snippet:-1, max-image-preview:large, max-video-preview:-1\" \/>\n<link rel=\"canonical\" href=\"https:\/\/explotumarca.com\/?product=microfonos-de-expansion-para-sistema-group\" \/>\n<meta property=\"og:locale\" content=\"es_MX\" \/>\n<meta property=\"og:type\" content=\"article\" \/>\n<meta property=\"og:title\" content=\"MICR\u00d3FONOS DE EXPANSI\u00d3N PARA SISTEMA GROUP\" \/>\n<meta property=\"og:description\" content=\"MICR\u00d3FONOS DE EXPANSI\u00d3N PARA SISTEMA GROUP Micr\u00f3fonos adicionales para grupos mayores SONIDO SUPERIOR EN SALAS GRANDES Ampl\u00eda el alcance del sistema de\" \/>\n<meta property=\"og:url\" content=\"https:\/\/explotumarca.com\/?product=microfonos-de-expansion-para-sistema-group\" \/>\n<meta property=\"og:site_name\" content=\"Explo\" \/>\n<meta property=\"article:publisher\" content=\"https:\/\/www.facebook.com\/MexicoExplo\/\" \/>\n<meta property=\"article:modified_time\" content=\"2022-04-11T18:06:00+00:00\" \/>\n<meta property=\"og:image\" content=\"https:\/\/explotumarca.com\/wp-content\/uploads\/2022\/04\/MICROFONOS-DE-EXPANSION-PARA-SISTEMA-GROUP-SISTEMA-DE-VIDEOCONFERENCIA-EXPLO-EXPLOTUMARCA.jpg\" \/>\n\t<meta property=\"og:image:width\" content=\"450\" \/>\n\t<meta property=\"og:image:height\" content=\"450\" \/>\n\t<meta property=\"og:image:type\" content=\"image\/jpeg\" \/>\n<meta name=\"twitter:card\" content=\"summary_large_image\" \/>\n<meta name=\"twitter:label1\" content=\"Tiempo de lectura\" \/>\n\t<meta name=\"twitter:data1\" content=\"1 minuto\" \/>\n<script type=\"application\/ld+json\" class=\"yoast-schema-graph\">{\"@context\":\"https:\/\/schema.org\",\"@graph\":[{\"@type\":\"WebPage\",\"@id\":\"https:\/\/explotumarca.com\/?product=microfonos-de-expansion-para-sistema-group\",\"url\":\"https:\/\/explotumarca.com\/?product=microfonos-de-expansion-para-sistema-group\",\"name\":\"Zoom videollamadas; venta de equipos especiales para zoom\",\"isPartOf\":{\"@id\":\"https:\/\/explotumarca.com\/#website\"},\"primaryImageOfPage\":{\"@id\":\"https:\/\/explotumarca.com\/?product=microfonos-de-expansion-para-sistema-group#primaryimage\"},\"image\":{\"@id\":\"https:\/\/explotumarca.com\/?product=microfonos-de-expansion-para-sistema-group#primaryimage\"},\"thumbnailUrl\":\"https:\/\/explotumarca.com\/wp-content\/uploads\/2022\/04\/MICROFONOS-DE-EXPANSION-PARA-SISTEMA-GROUP-SISTEMA-DE-VIDEOCONFERENCIA-EXPLO-EXPLOTUMARCA.jpg\",\"datePublished\":\"2022-04-01T23:10:01+00:00\",\"dateModified\":\"2022-04-11T18:06:00+00:00\",\"description\":\"Venta de equipos, salas, mantenimiento y capacitaci\u00f3n de zoom videollamadas para Empresas en M\u00e9xico. Cotiza los mejores equipos 2020.\",\"breadcrumb\":{\"@id\":\"https:\/\/explotumarca.com\/?product=microfonos-de-expansion-para-sistema-group#breadcrumb\"},\"inLanguage\":\"es\",\"potentialAction\":[{\"@type\":\"ReadAction\",\"target\":[\"https:\/\/explotumarca.com\/?product=microfonos-de-expansion-para-sistema-group\"]}]},{\"@type\":\"ImageObject\",\"inLanguage\":\"es\",\"@id\":\"https:\/\/explotumarca.com\/?product=microfonos-de-expansion-para-sistema-group#primaryimage\",\"url\":\"https:\/\/explotumarca.com\/wp-content\/uploads\/2022\/04\/MICROFONOS-DE-EXPANSION-PARA-SISTEMA-GROUP-SISTEMA-DE-VIDEOCONFERENCIA-EXPLO-EXPLOTUMARCA.jpg\",\"contentUrl\":\"https:\/\/explotumarca.com\/wp-content\/uploads\/2022\/04\/MICROFONOS-DE-EXPANSION-PARA-SISTEMA-GROUP-SISTEMA-DE-VIDEOCONFERENCIA-EXPLO-EXPLOTUMARCA.jpg\",\"width\":450,\"height\":450,\"caption\":\"MICR\u00d3FONOS DE EXPANSI\u00d3N PARA SISTEMA GROUP SISTEMA DE VIDEOCONFERENCIA EXPLO EXPLOTUMARCA\"},{\"@type\":\"BreadcrumbList\",\"@id\":\"https:\/\/explotumarca.com\/?product=microfonos-de-expansion-para-sistema-group#breadcrumb\",\"itemListElement\":[{\"@type\":\"ListItem\",\"position\":1,\"name\":\"Inicio\",\"item\":\"https:\/\/explotumarca.com\/\"},{\"@type\":\"ListItem\",\"position\":2,\"name\":\"Productos\",\"item\":\"https:\/\/explotumarca.com\/?post_type=product\"},{\"@type\":\"ListItem\",\"position\":3,\"name\":\"MICR\u00d3FONOS DE EXPANSI\u00d3N PARA SISTEMA GROUP\"}]},{\"@type\":\"WebSite\",\"@id\":\"https:\/\/explotumarca.com\/#website\",\"url\":\"https:\/\/explotumarca.com\/\",\"name\":\"Explo\",\"description\":\"Productos y servicios corporativos\",\"publisher\":{\"@id\":\"https:\/\/explotumarca.com\/#organization\"},\"potentialAction\":[{\"@type\":\"SearchAction\",\"target\":{\"@type\":\"EntryPoint\",\"urlTemplate\":\"https:\/\/explotumarca.com\/?s={search_term_string}\"},\"query-input\":{\"@type\":\"PropertyValueSpecification\",\"valueRequired\":true,\"valueName\":\"search_term_string\"}}],\"inLanguage\":\"es\"},{\"@type\":\"Organization\",\"@id\":\"https:\/\/explotumarca.com\/#organization\",\"name\":\"Explo\",\"url\":\"https:\/\/explotumarca.com\/\",\"logo\":{\"@type\":\"ImageObject\",\"inLanguage\":\"es\",\"@id\":\"https:\/\/explotumarca.com\/#\/schema\/logo\/image\/\",\"url\":\"http:\/\/arsnovamx.com\/explotumarca.com\/wp-content\/uploads\/2020\/10\/Nuevo-Logo-Explo-2020.jpg\",\"contentUrl\":\"http:\/\/arsnovamx.com\/explotumarca.com\/wp-content\/uploads\/2020\/10\/Nuevo-Logo-Explo-2020.jpg\",\"width\":800,\"height\":334,\"caption\":\"Explo\"},\"image\":{\"@id\":\"https:\/\/explotumarca.com\/#\/schema\/logo\/image\/\"},\"sameAs\":[\"https:\/\/www.facebook.com\/MexicoExplo\/\"]}]}<\/script>\n<!-- \/ Yoast SEO Premium plugin. -->","yoast_head_json":{"title":"Zoom videollamadas; venta de equipos especiales para zoom","description":"Venta de equipos, salas, mantenimiento y capacitaci\u00f3n de zoom videollamadas para Empresas en M\u00e9xico. Cotiza los mejores equipos 2020.","robots":{"index":"index","follow":"follow","max-snippet":"max-snippet:-1","max-image-preview":"max-image-preview:large","max-video-preview":"max-video-preview:-1"},"canonical":"https:\/\/explotumarca.com\/?product=microfonos-de-expansion-para-sistema-group","og_locale":"es_MX","og_type":"article","og_title":"MICR\u00d3FONOS DE EXPANSI\u00d3N PARA SISTEMA GROUP","og_description":"MICR\u00d3FONOS DE EXPANSI\u00d3N PARA SISTEMA GROUP Micr\u00f3fonos adicionales para grupos mayores SONIDO SUPERIOR EN SALAS GRANDES Ampl\u00eda el alcance del sistema de","og_url":"https:\/\/explotumarca.com\/?product=microfonos-de-expansion-para-sistema-group","og_site_name":"Explo","article_publisher":"https:\/\/www.facebook.com\/MexicoExplo\/","article_modified_time":"2022-04-11T18:06:00+00:00","og_image":[{"width":450,"height":450,"url":"https:\/\/explotumarca.com\/wp-content\/uploads\/2022\/04\/MICROFONOS-DE-EXPANSION-PARA-SISTEMA-GROUP-SISTEMA-DE-VIDEOCONFERENCIA-EXPLO-EXPLOTUMARCA.jpg","type":"image\/jpeg"}],"twitter_card":"summary_large_image","twitter_misc":{"Tiempo de lectura":"1 minuto"},"schema":{"@context":"https:\/\/schema.org","@graph":[{"@type":"WebPage","@id":"https:\/\/explotumarca.com\/?product=microfonos-de-expansion-para-sistema-group","url":"https:\/\/explotumarca.com\/?product=microfonos-de-expansion-para-sistema-group","name":"Zoom videollamadas; venta de equipos especiales para zoom","isPartOf":{"@id":"https:\/\/explotumarca.com\/#website"},"primaryImageOfPage":{"@id":"https:\/\/explotumarca.com\/?product=microfonos-de-expansion-para-sistema-group#primaryimage"},"image":{"@id":"https:\/\/explotumarca.com\/?product=microfonos-de-expansion-para-sistema-group#primaryimage"},"thumbnailUrl":"https:\/\/explotumarca.com\/wp-content\/uploads\/2022\/04\/MICROFONOS-DE-EXPANSION-PARA-SISTEMA-GROUP-SISTEMA-DE-VIDEOCONFERENCIA-EXPLO-EXPLOTUMARCA.jpg","datePublished":"2022-04-01T23:10:01+00:00","dateModified":"2022-04-11T18:06:00+00:00","description":"Venta de equipos, salas, mantenimiento y capacitaci\u00f3n de zoom videollamadas para Empresas en M\u00e9xico. Cotiza los mejores equipos 2020.","breadcrumb":{"@id":"https:\/\/explotumarca.com\/?product=microfonos-de-expansion-para-sistema-group#breadcrumb"},"inLanguage":"es","potentialAction":[{"@type":"ReadAction","target":["https:\/\/explotumarca.com\/?product=microfonos-de-expansion-para-sistema-group"]}]},{"@type":"ImageObject","inLanguage":"es","@id":"https:\/\/explotumarca.com\/?product=microfonos-de-expansion-para-sistema-group#primaryimage","url":"https:\/\/explotumarca.com\/wp-content\/uploads\/2022\/04\/MICROFONOS-DE-EXPANSION-PARA-SISTEMA-GROUP-SISTEMA-DE-VIDEOCONFERENCIA-EXPLO-EXPLOTUMARCA.jpg","contentUrl":"https:\/\/explotumarca.com\/wp-content\/uploads\/2022\/04\/MICROFONOS-DE-EXPANSION-PARA-SISTEMA-GROUP-SISTEMA-DE-VIDEOCONFERENCIA-EXPLO-EXPLOTUMARCA.jpg","width":450,"height":450,"caption":"MICR\u00d3FONOS DE EXPANSI\u00d3N PARA SISTEMA GROUP SISTEMA DE VIDEOCONFERENCIA EXPLO EXPLOTUMARCA"},{"@type":"BreadcrumbList","@id":"https:\/\/explotumarca.com\/?product=microfonos-de-expansion-para-sistema-group#breadcrumb","itemListElement":[{"@type":"ListItem","position":1,"name":"Inicio","item":"https:\/\/explotumarca.com\/"},{"@type":"ListItem","position":2,"name":"Productos","item":"https:\/\/explotumarca.com\/?post_type=product"},{"@type":"ListItem","position":3,"name":"MICR\u00d3FONOS DE EXPANSI\u00d3N PARA SISTEMA GROUP"}]},{"@type":"WebSite","@id":"https:\/\/explotumarca.com\/#website","url":"https:\/\/explotumarca.com\/","name":"Explo","description":"Productos y servicios corporativos","publisher":{"@id":"https:\/\/explotumarca.com\/#organization"},"potentialAction":[{"@type":"SearchAction","target":{"@type":"EntryPoint","urlTemplate":"https:\/\/explotumarca.com\/?s={search_term_string}"},"query-input":{"@type":"PropertyValueSpecification","valueRequired":true,"valueName":"search_term_string"}}],"inLanguage":"es"},{"@type":"Organization","@id":"https:\/\/explotumarca.com\/#organization","name":"Explo","url":"https:\/\/explotumarca.com\/","logo":{"@type":"ImageObject","inLanguage":"es","@id":"https:\/\/explotumarca.com\/#\/schema\/logo\/image\/","url":"http:\/\/arsnovamx.com\/explotumarca.com\/wp-content\/uploads\/2020\/10\/Nuevo-Logo-Explo-2020.jpg","contentUrl":"http:\/\/arsnovamx.com\/explotumarca.com\/wp-content\/uploads\/2020\/10\/Nuevo-Logo-Explo-2020.jpg","width":800,"height":334,"caption":"Explo"},"image":{"@id":"https:\/\/explotumarca.com\/#\/schema\/logo\/image\/"},"sameAs":["https:\/\/www.facebook.com\/MexicoExplo\/"]}]}},"_links":{"self":[{"href":"https:\/\/explotumarca.com\/index.php?rest_route=\/wp\/v2\/product\/5967","targetHints":{"allow":["GET"]}}],"collection":[{"href":"https:\/\/explotumarca.com\/index.php?rest_route=\/wp\/v2\/product"}],"about":[{"href":"https:\/\/explotumarca.com\/index.php?rest_route=\/wp\/v2\/types\/product"}],"wp:featuredmedia":[{"embeddable":true,"href":"https:\/\/explotumarca.com\/index.php?rest_route=\/wp\/v2\/media\/5970"}],"wp:attachment":[{"href":"https:\/\/explotumarca.com\/index.php?rest_route=%2Fwp%2Fv2%2Fmedia&parent=5967"}],"wp:term":[{"taxonomy":"product_cat","embeddable":true,"href":"https:\/\/explotumarca.com\/index.php?rest_route=%2Fwp%2Fv2%2Fproduct_cat&post=5967"},{"taxonomy":"product_tag","embeddable":true,"href":"https:\/\/explotumarca.com\/index.php?rest_route=%2Fwp%2Fv2%2Fproduct_tag&post=5967"}],"curies":[{"name":"wp","href":"https:\/\/api.w.org\/{rel}","templated":true}]}}