{"id":5977,"date":"2022-04-01T17:42:03","date_gmt":"2022-04-01T23:42:03","guid":{"rendered":"https:\/\/explotumarca.com\/?post_type=product&#038;p=5977"},"modified":"2022-04-11T12:57:41","modified_gmt":"2022-04-11T17:57:41","slug":"microfono-de-expansion-para-meetup","status":"publish","type":"product","link":"https:\/\/explotumarca.com\/?product=microfono-de-expansion-para-meetup","title":{"rendered":"MICR\u00d3FONO DE EXPANSI\u00d3N PARA MEETUP"},"content":{"rendered":"<h1 class=\"title js-title\">MICR\u00d3FONO DE EXPANSI\u00d3N PARA MEETUP<\/h1>\n<div class=\"large body js-subtitle\">Micr\u00f3fono complementario con control de silencio para ampliar el radio de acci\u00f3n de audio<\/div>\n<div><\/div>\n<div><\/div>\n<div>\n<h2 class=\"body-copy-title font-title-l font-brown-bold dc-black tc-black mc-black \">SONIDO SUPERIOR EN ESPACIOS DE REUNI\u00d3N M\u00c1S GRANDES<\/h2>\n<p>El micr\u00f3fono de expansi\u00f3n Logitech para MeetUp proporciona m\u00e1s flexibilidad en las configuraciones de espacios de reuni\u00f3n reducidos.\u00a0Los micr\u00f3fonos integrados en\u00a0<a href=\"https:\/\/www.logitech.com\/es-mx\/products\/video-conferencing\/conference-cameras\/meetup-conferencecam.html\" target=\"_self\" rel=\"noopener\">Meetup<\/a>\u00a0est\u00e1n optimizados para un alcance de hasta 4\u00a0metros. Para ampliar ese radio de acci\u00f3n hasta 5\u00a0metros, a\u00f1ade un micr\u00f3fono de expansi\u00f3n. De ese modo se oir\u00e1 lo que diga cualquier asistente, tanto si est\u00e1n alrededor de una mesa, cerca de la pared o de pie.<\/p>\n<\/div>\n<p>&nbsp;<\/p>\n<h2 class=\"body-copy-title font-title-s font-brown-bold dc-black tc-black mc-black \">AUDICI\u00d3N CLARA A 5 METROS<\/h2>\n<p>Dado el tama\u00f1o diverso de los espacios de reuni\u00f3n, hemos creado un micr\u00f3fono de expansi\u00f3n para aumentar la flexibilidad de configuraci\u00f3n. El micr\u00f3fono de expansi\u00f3n ampl\u00eda a 5 metros el radio de captaci\u00f3n del micr\u00f3fono de MeetUp.<\/p>\n<p>&nbsp;<\/p>\n<h2 class=\"body-copy-title font-title-s font-brown-bold dc-black tc-black mc-black \">F\u00c1CIL SILENCIAMIENTO DE LLAMADAS<\/h2>\n<p><em>Un bot\u00f3n para silenciar el micr\u00f3fono permite que quienes se encuentran en el extremo de la mesa puedan silenciar todo el sistema de altavoces. El indicador luminoso muestra cu\u00e1ndo se ha silenciado el micr\u00f3fono, cu\u00e1ndo hay una llamada activa y cu\u00e1ndo se ha iniciado el emparejamiento inal\u00e1mbrico Bluetooth<sup>\u00ae<\/sup><\/em>.<\/p>\n<p>&nbsp;<\/p>\n<p>Ll\u00e1manos al (55) 3342 8218 o d\u00e9janos tus datos <a href=\"https:\/\/explotumarca.com\/?page_id=14\">aqu\u00ed<\/a><\/p>\n","protected":false},"excerpt":{"rendered":"<p>MICR\u00d3FONO DE EXPANSI\u00d3N PARA MEETUP Micr\u00f3fono complementario con control de silencio para ampliar el radio de acci\u00f3n de audio SONIDO SUPERIOR EN ESPACIOS DE REUNI\u00d3N M\u00c1S GRANDES El micr\u00f3fono de expansi\u00f3n Logitech para MeetUp proporciona [&hellip;]<\/p>\n","protected":false},"featured_media":5979,"template":"","meta":{"content-type":""},"product_cat":[101],"product_tag":[],"class_list":{"0":"post-5977","1":"product","2":"type-product","3":"status-publish","4":"has-post-thumbnail","6":"product_cat-accesorios","8":"first","9":"instock","10":"taxable","11":"shipping-taxable","12":"product-type-simple"},"yoast_head":"<!-- This site is optimized with the Yoast SEO Premium plugin v18.8 (Yoast SEO v26.8) - https:\/\/yoast.com\/product\/yoast-seo-premium-wordpress\/ -->\n<title>Zoom videollamadas; venta de equipos especiales para zoom<\/title>\n<meta name=\"description\" content=\"Venta de equipos, salas, mantenimiento y capacitaci\u00f3n de zoom videollamadas para Empresas en M\u00e9xico. Cotiza los mejores equipos 2020.\" \/>\n<meta name=\"robots\" content=\"index, follow, max-snippet:-1, max-image-preview:large, max-video-preview:-1\" \/>\n<link rel=\"canonical\" href=\"https:\/\/explotumarca.com\/?product=microfono-de-expansion-para-meetup\" \/>\n<meta property=\"og:locale\" content=\"es_MX\" \/>\n<meta property=\"og:type\" content=\"article\" \/>\n<meta property=\"og:title\" content=\"MICR\u00d3FONO DE EXPANSI\u00d3N PARA MEETUP\" \/>\n<meta property=\"og:description\" content=\"MICR\u00d3FONO DE EXPANSI\u00d3N PARA MEETUP Micr\u00f3fono complementario con control de silencio para ampliar el radio de acci\u00f3n de audio SONIDO SUPERIOR EN ESPACIOS\" \/>\n<meta property=\"og:url\" content=\"https:\/\/explotumarca.com\/?product=microfono-de-expansion-para-meetup\" \/>\n<meta property=\"og:site_name\" content=\"Explo\" \/>\n<meta property=\"article:publisher\" content=\"https:\/\/www.facebook.com\/MexicoExplo\/\" \/>\n<meta property=\"article:modified_time\" content=\"2022-04-11T17:57:41+00:00\" \/>\n<meta property=\"og:image\" content=\"https:\/\/explotumarca.com\/wp-content\/uploads\/2022\/04\/MICROFONO-DE-EXPANSION-PARA-MEETUP-SISTEMA-DE-VIDEOCONFERENCIA-EXPLO-EXPLOTUMARCA.jpg\" \/>\n\t<meta property=\"og:image:width\" content=\"450\" \/>\n\t<meta property=\"og:image:height\" content=\"450\" \/>\n\t<meta property=\"og:image:type\" content=\"image\/jpeg\" \/>\n<meta name=\"twitter:card\" content=\"summary_large_image\" \/>\n<meta name=\"twitter:label1\" content=\"Tiempo de lectura\" \/>\n\t<meta name=\"twitter:data1\" content=\"1 minuto\" \/>\n<script type=\"application\/ld+json\" class=\"yoast-schema-graph\">{\"@context\":\"https:\/\/schema.org\",\"@graph\":[{\"@type\":\"WebPage\",\"@id\":\"https:\/\/explotumarca.com\/?product=microfono-de-expansion-para-meetup\",\"url\":\"https:\/\/explotumarca.com\/?product=microfono-de-expansion-para-meetup\",\"name\":\"Zoom videollamadas; venta de equipos especiales para zoom\",\"isPartOf\":{\"@id\":\"https:\/\/explotumarca.com\/#website\"},\"primaryImageOfPage\":{\"@id\":\"https:\/\/explotumarca.com\/?product=microfono-de-expansion-para-meetup#primaryimage\"},\"image\":{\"@id\":\"https:\/\/explotumarca.com\/?product=microfono-de-expansion-para-meetup#primaryimage\"},\"thumbnailUrl\":\"https:\/\/explotumarca.com\/wp-content\/uploads\/2022\/04\/MICROFONO-DE-EXPANSION-PARA-MEETUP-SISTEMA-DE-VIDEOCONFERENCIA-EXPLO-EXPLOTUMARCA.jpg\",\"datePublished\":\"2022-04-01T23:42:03+00:00\",\"dateModified\":\"2022-04-11T17:57:41+00:00\",\"description\":\"Venta de equipos, salas, mantenimiento y capacitaci\u00f3n de zoom videollamadas para Empresas en M\u00e9xico. Cotiza los mejores equipos 2020.\",\"breadcrumb\":{\"@id\":\"https:\/\/explotumarca.com\/?product=microfono-de-expansion-para-meetup#breadcrumb\"},\"inLanguage\":\"es\",\"potentialAction\":[{\"@type\":\"ReadAction\",\"target\":[\"https:\/\/explotumarca.com\/?product=microfono-de-expansion-para-meetup\"]}]},{\"@type\":\"ImageObject\",\"inLanguage\":\"es\",\"@id\":\"https:\/\/explotumarca.com\/?product=microfono-de-expansion-para-meetup#primaryimage\",\"url\":\"https:\/\/explotumarca.com\/wp-content\/uploads\/2022\/04\/MICROFONO-DE-EXPANSION-PARA-MEETUP-SISTEMA-DE-VIDEOCONFERENCIA-EXPLO-EXPLOTUMARCA.jpg\",\"contentUrl\":\"https:\/\/explotumarca.com\/wp-content\/uploads\/2022\/04\/MICROFONO-DE-EXPANSION-PARA-MEETUP-SISTEMA-DE-VIDEOCONFERENCIA-EXPLO-EXPLOTUMARCA.jpg\",\"width\":450,\"height\":450,\"caption\":\"MICR\u00d3FONO DE EXPANSI\u00d3N PARA MEETUP SISTEMA DE VIDEOCONFERENCIA EXPLO EXPLOTUMARCA\"},{\"@type\":\"BreadcrumbList\",\"@id\":\"https:\/\/explotumarca.com\/?product=microfono-de-expansion-para-meetup#breadcrumb\",\"itemListElement\":[{\"@type\":\"ListItem\",\"position\":1,\"name\":\"Inicio\",\"item\":\"https:\/\/explotumarca.com\/\"},{\"@type\":\"ListItem\",\"position\":2,\"name\":\"Productos\",\"item\":\"https:\/\/explotumarca.com\/?post_type=product\"},{\"@type\":\"ListItem\",\"position\":3,\"name\":\"MICR\u00d3FONO DE EXPANSI\u00d3N PARA MEETUP\"}]},{\"@type\":\"WebSite\",\"@id\":\"https:\/\/explotumarca.com\/#website\",\"url\":\"https:\/\/explotumarca.com\/\",\"name\":\"Explo\",\"description\":\"Productos y servicios corporativos\",\"publisher\":{\"@id\":\"https:\/\/explotumarca.com\/#organization\"},\"potentialAction\":[{\"@type\":\"SearchAction\",\"target\":{\"@type\":\"EntryPoint\",\"urlTemplate\":\"https:\/\/explotumarca.com\/?s={search_term_string}\"},\"query-input\":{\"@type\":\"PropertyValueSpecification\",\"valueRequired\":true,\"valueName\":\"search_term_string\"}}],\"inLanguage\":\"es\"},{\"@type\":\"Organization\",\"@id\":\"https:\/\/explotumarca.com\/#organization\",\"name\":\"Explo\",\"url\":\"https:\/\/explotumarca.com\/\",\"logo\":{\"@type\":\"ImageObject\",\"inLanguage\":\"es\",\"@id\":\"https:\/\/explotumarca.com\/#\/schema\/logo\/image\/\",\"url\":\"http:\/\/arsnovamx.com\/explotumarca.com\/wp-content\/uploads\/2020\/10\/Nuevo-Logo-Explo-2020.jpg\",\"contentUrl\":\"http:\/\/arsnovamx.com\/explotumarca.com\/wp-content\/uploads\/2020\/10\/Nuevo-Logo-Explo-2020.jpg\",\"width\":800,\"height\":334,\"caption\":\"Explo\"},\"image\":{\"@id\":\"https:\/\/explotumarca.com\/#\/schema\/logo\/image\/\"},\"sameAs\":[\"https:\/\/www.facebook.com\/MexicoExplo\/\"]}]}<\/script>\n<!-- \/ Yoast SEO Premium plugin. -->","yoast_head_json":{"title":"Zoom videollamadas; venta de equipos especiales para zoom","description":"Venta de equipos, salas, mantenimiento y capacitaci\u00f3n de zoom videollamadas para Empresas en M\u00e9xico. Cotiza los mejores equipos 2020.","robots":{"index":"index","follow":"follow","max-snippet":"max-snippet:-1","max-image-preview":"max-image-preview:large","max-video-preview":"max-video-preview:-1"},"canonical":"https:\/\/explotumarca.com\/?product=microfono-de-expansion-para-meetup","og_locale":"es_MX","og_type":"article","og_title":"MICR\u00d3FONO DE EXPANSI\u00d3N PARA MEETUP","og_description":"MICR\u00d3FONO DE EXPANSI\u00d3N PARA MEETUP Micr\u00f3fono complementario con control de silencio para ampliar el radio de acci\u00f3n de audio SONIDO SUPERIOR EN ESPACIOS","og_url":"https:\/\/explotumarca.com\/?product=microfono-de-expansion-para-meetup","og_site_name":"Explo","article_publisher":"https:\/\/www.facebook.com\/MexicoExplo\/","article_modified_time":"2022-04-11T17:57:41+00:00","og_image":[{"width":450,"height":450,"url":"https:\/\/explotumarca.com\/wp-content\/uploads\/2022\/04\/MICROFONO-DE-EXPANSION-PARA-MEETUP-SISTEMA-DE-VIDEOCONFERENCIA-EXPLO-EXPLOTUMARCA.jpg","type":"image\/jpeg"}],"twitter_card":"summary_large_image","twitter_misc":{"Tiempo de lectura":"1 minuto"},"schema":{"@context":"https:\/\/schema.org","@graph":[{"@type":"WebPage","@id":"https:\/\/explotumarca.com\/?product=microfono-de-expansion-para-meetup","url":"https:\/\/explotumarca.com\/?product=microfono-de-expansion-para-meetup","name":"Zoom videollamadas; venta de equipos especiales para zoom","isPartOf":{"@id":"https:\/\/explotumarca.com\/#website"},"primaryImageOfPage":{"@id":"https:\/\/explotumarca.com\/?product=microfono-de-expansion-para-meetup#primaryimage"},"image":{"@id":"https:\/\/explotumarca.com\/?product=microfono-de-expansion-para-meetup#primaryimage"},"thumbnailUrl":"https:\/\/explotumarca.com\/wp-content\/uploads\/2022\/04\/MICROFONO-DE-EXPANSION-PARA-MEETUP-SISTEMA-DE-VIDEOCONFERENCIA-EXPLO-EXPLOTUMARCA.jpg","datePublished":"2022-04-01T23:42:03+00:00","dateModified":"2022-04-11T17:57:41+00:00","description":"Venta de equipos, salas, mantenimiento y capacitaci\u00f3n de zoom videollamadas para Empresas en M\u00e9xico. Cotiza los mejores equipos 2020.","breadcrumb":{"@id":"https:\/\/explotumarca.com\/?product=microfono-de-expansion-para-meetup#breadcrumb"},"inLanguage":"es","potentialAction":[{"@type":"ReadAction","target":["https:\/\/explotumarca.com\/?product=microfono-de-expansion-para-meetup"]}]},{"@type":"ImageObject","inLanguage":"es","@id":"https:\/\/explotumarca.com\/?product=microfono-de-expansion-para-meetup#primaryimage","url":"https:\/\/explotumarca.com\/wp-content\/uploads\/2022\/04\/MICROFONO-DE-EXPANSION-PARA-MEETUP-SISTEMA-DE-VIDEOCONFERENCIA-EXPLO-EXPLOTUMARCA.jpg","contentUrl":"https:\/\/explotumarca.com\/wp-content\/uploads\/2022\/04\/MICROFONO-DE-EXPANSION-PARA-MEETUP-SISTEMA-DE-VIDEOCONFERENCIA-EXPLO-EXPLOTUMARCA.jpg","width":450,"height":450,"caption":"MICR\u00d3FONO DE EXPANSI\u00d3N PARA MEETUP SISTEMA DE VIDEOCONFERENCIA EXPLO EXPLOTUMARCA"},{"@type":"BreadcrumbList","@id":"https:\/\/explotumarca.com\/?product=microfono-de-expansion-para-meetup#breadcrumb","itemListElement":[{"@type":"ListItem","position":1,"name":"Inicio","item":"https:\/\/explotumarca.com\/"},{"@type":"ListItem","position":2,"name":"Productos","item":"https:\/\/explotumarca.com\/?post_type=product"},{"@type":"ListItem","position":3,"name":"MICR\u00d3FONO DE EXPANSI\u00d3N PARA MEETUP"}]},{"@type":"WebSite","@id":"https:\/\/explotumarca.com\/#website","url":"https:\/\/explotumarca.com\/","name":"Explo","description":"Productos y servicios corporativos","publisher":{"@id":"https:\/\/explotumarca.com\/#organization"},"potentialAction":[{"@type":"SearchAction","target":{"@type":"EntryPoint","urlTemplate":"https:\/\/explotumarca.com\/?s={search_term_string}"},"query-input":{"@type":"PropertyValueSpecification","valueRequired":true,"valueName":"search_term_string"}}],"inLanguage":"es"},{"@type":"Organization","@id":"https:\/\/explotumarca.com\/#organization","name":"Explo","url":"https:\/\/explotumarca.com\/","logo":{"@type":"ImageObject","inLanguage":"es","@id":"https:\/\/explotumarca.com\/#\/schema\/logo\/image\/","url":"http:\/\/arsnovamx.com\/explotumarca.com\/wp-content\/uploads\/2020\/10\/Nuevo-Logo-Explo-2020.jpg","contentUrl":"http:\/\/arsnovamx.com\/explotumarca.com\/wp-content\/uploads\/2020\/10\/Nuevo-Logo-Explo-2020.jpg","width":800,"height":334,"caption":"Explo"},"image":{"@id":"https:\/\/explotumarca.com\/#\/schema\/logo\/image\/"},"sameAs":["https:\/\/www.facebook.com\/MexicoExplo\/"]}]}},"_links":{"self":[{"href":"https:\/\/explotumarca.com\/index.php?rest_route=\/wp\/v2\/product\/5977","targetHints":{"allow":["GET"]}}],"collection":[{"href":"https:\/\/explotumarca.com\/index.php?rest_route=\/wp\/v2\/product"}],"about":[{"href":"https:\/\/explotumarca.com\/index.php?rest_route=\/wp\/v2\/types\/product"}],"wp:featuredmedia":[{"embeddable":true,"href":"https:\/\/explotumarca.com\/index.php?rest_route=\/wp\/v2\/media\/5979"}],"wp:attachment":[{"href":"https:\/\/explotumarca.com\/index.php?rest_route=%2Fwp%2Fv2%2Fmedia&parent=5977"}],"wp:term":[{"taxonomy":"product_cat","embeddable":true,"href":"https:\/\/explotumarca.com\/index.php?rest_route=%2Fwp%2Fv2%2Fproduct_cat&post=5977"},{"taxonomy":"product_tag","embeddable":true,"href":"https:\/\/explotumarca.com\/index.php?rest_route=%2Fwp%2Fv2%2Fproduct_tag&post=5977"}],"curies":[{"name":"wp","href":"https:\/\/api.w.org\/{rel}","templated":true}]}}