{"id":5980,"date":"2022-04-01T18:00:05","date_gmt":"2022-04-02T00:00:05","guid":{"rendered":"https:\/\/explotumarca.com\/?post_type=product&#038;p=5980"},"modified":"2022-04-11T12:54:06","modified_gmt":"2022-04-11T17:54:06","slug":"logitech-screen-share","status":"publish","type":"product","link":"https:\/\/explotumarca.com\/?product=logitech-screen-share","title":{"rendered":"LOGITECH SCREEN SHARE"},"content":{"rendered":"<h1 class=\"title js-title\">LOGITECH SCREEN SHARE<\/h1>\n<div class=\"large body js-subtitle\">Una forma r\u00e1pida, sencilla y asequible de compartir contenido en salas de conferencias y reuniones online.<\/div>\n<div><\/div>\n<div><\/div>\n<div>\n<h2 class=\"body-copy-title font-title-l font-brown-bold dc-black tc-black mc-black \">INTERCAMBIO DE CONTENIDO SENCILLO EN CADA SALA<\/h2>\n<p>Logitech Screen Share facilita el intercambio de contenido con cualquier computadora en una sala de conferencias. S\u00f3lo hay que conectar una laptop o una tablet a trav\u00e9s de HDMI para empezar a compartir. No hace falta instalar software, ni introducir un c\u00f3digo de acceso o conectarse a Internet. A un precio asequible para cada sala, Logitech Screen Share elimina complicaciones en presentaciones con pases de diapositivas, hojas de c\u00e1lculo, documentos y grabaciones de video para reuniones online.<\/p>\n<\/div>\n<p>&nbsp;<\/p>\n<h2 class=\"h3 \">COMPARTE CONTENIDO INSTANT\u00c1NEAMENTE<\/h2>\n<p>Basta con establecer una conexi\u00f3n. As\u00ed es como debe ser el intercambio de contenido. Sin necesidad de verificar repetidamente el ID de la reuni\u00f3n o el c\u00f3digo de emparejamiento. Y sin complicaciones de fuentes de entrada o controles remotos. No hay t\u00e9cnicas nuevas que aprender, ni software que instalar, ni hace falta estar online. Simplemente uno se conecta y presenta.<\/p>\n<p>&nbsp;<\/p>\n<h2 class=\"h3 \">COMPARTIR EN CUALQUIER REUNI\u00d3N.<\/h2>\n<p>Ning\u00fan asistente remoto queda excluido. Logitech Screen Share funciona con Zoom<sup>\u00ae<\/sup>, Skype<sup>&#x2122;<\/sup>\u00a0for Business, WebEx, BlueJeans y otros servicios de reuniones\u00a0que compatibles con el intercambio de contenido.<\/p>\n<p>&nbsp;<\/p>\n<p>&nbsp;<\/p>\n<h2 class=\"h3 \">SOLUCI\u00d3N COMPACTA Y EFICAZ<\/h2>\n<p>A pesar de la completa tecnolog\u00eda de video que integra, el dispositivo Screen Share es sorprendentemente compacto, (1) se conecta al equipo de la sala de conferencias a trav\u00e9s de USB y (2) proporciona una entrada HDMI para compartir contenido al instante.<\/p>\n<p>&nbsp;<\/p>\n<p>Ll\u00e1manos al (55) 3342 8218 o d\u00e9janos tus datos <a href=\"https:\/\/explotumarca.com\/?page_id=14\">aqu\u00ed<\/a><\/p>\n","protected":false},"excerpt":{"rendered":"<p>LOGITECH SCREEN SHARE Una forma r\u00e1pida, sencilla y asequible de compartir contenido en salas de conferencias y reuniones online. INTERCAMBIO DE CONTENIDO SENCILLO EN CADA SALA Logitech Screen Share facilita el intercambio de contenido con [&hellip;]<\/p>\n","protected":false},"featured_media":5983,"template":"","meta":{"content-type":""},"product_cat":[101],"product_tag":[],"class_list":{"0":"post-5980","1":"product","2":"type-product","3":"status-publish","4":"has-post-thumbnail","6":"product_cat-accesorios","8":"first","9":"instock","10":"taxable","11":"shipping-taxable","12":"product-type-simple"},"yoast_head":"<!-- This site is optimized with the Yoast SEO Premium plugin v18.8 (Yoast SEO v26.8) - https:\/\/yoast.com\/product\/yoast-seo-premium-wordpress\/ -->\n<title>Zoom videollamadas; venta de equipos especiales para zoom<\/title>\n<meta name=\"description\" content=\"Venta de equipos, salas, mantenimiento y capacitaci\u00f3n de zoom videollamadas para Empresas en M\u00e9xico. Cotiza los mejores equipos 2020.\" \/>\n<meta name=\"robots\" content=\"index, follow, max-snippet:-1, max-image-preview:large, max-video-preview:-1\" \/>\n<link rel=\"canonical\" href=\"https:\/\/explotumarca.com\/?product=logitech-screen-share\" \/>\n<meta property=\"og:locale\" content=\"es_MX\" \/>\n<meta property=\"og:type\" content=\"article\" \/>\n<meta property=\"og:title\" content=\"LOGITECH SCREEN SHARE\" \/>\n<meta property=\"og:description\" content=\"LOGITECH SCREEN SHARE Una forma r\u00e1pida, sencilla y asequible de compartir contenido en salas de conferencias y reuniones online. INTERCAMBIO DE CONTENIDO\" \/>\n<meta property=\"og:url\" content=\"https:\/\/explotumarca.com\/?product=logitech-screen-share\" \/>\n<meta property=\"og:site_name\" content=\"Explo\" \/>\n<meta property=\"article:publisher\" content=\"https:\/\/www.facebook.com\/MexicoExplo\/\" \/>\n<meta property=\"article:modified_time\" content=\"2022-04-11T17:54:06+00:00\" \/>\n<meta property=\"og:image\" content=\"https:\/\/explotumarca.com\/wp-content\/uploads\/2022\/04\/LOGITECH-SCREEN-SHARE-SISTEMA-DE-IDEOCONFERENCIA-EXPLO-EXPLOTUMARCA.jpg\" \/>\n\t<meta property=\"og:image:width\" content=\"450\" \/>\n\t<meta property=\"og:image:height\" content=\"450\" \/>\n\t<meta property=\"og:image:type\" content=\"image\/jpeg\" \/>\n<meta name=\"twitter:card\" content=\"summary_large_image\" \/>\n<meta name=\"twitter:label1\" content=\"Tiempo de lectura\" \/>\n\t<meta name=\"twitter:data1\" content=\"2 minutos\" \/>\n<script type=\"application\/ld+json\" class=\"yoast-schema-graph\">{\"@context\":\"https:\/\/schema.org\",\"@graph\":[{\"@type\":\"WebPage\",\"@id\":\"https:\/\/explotumarca.com\/?product=logitech-screen-share\",\"url\":\"https:\/\/explotumarca.com\/?product=logitech-screen-share\",\"name\":\"Zoom videollamadas; venta de equipos especiales para zoom\",\"isPartOf\":{\"@id\":\"https:\/\/explotumarca.com\/#website\"},\"primaryImageOfPage\":{\"@id\":\"https:\/\/explotumarca.com\/?product=logitech-screen-share#primaryimage\"},\"image\":{\"@id\":\"https:\/\/explotumarca.com\/?product=logitech-screen-share#primaryimage\"},\"thumbnailUrl\":\"https:\/\/explotumarca.com\/wp-content\/uploads\/2022\/04\/LOGITECH-SCREEN-SHARE-SISTEMA-DE-IDEOCONFERENCIA-EXPLO-EXPLOTUMARCA.jpg\",\"datePublished\":\"2022-04-02T00:00:05+00:00\",\"dateModified\":\"2022-04-11T17:54:06+00:00\",\"description\":\"Venta de equipos, salas, mantenimiento y capacitaci\u00f3n de zoom videollamadas para Empresas en M\u00e9xico. Cotiza los mejores equipos 2020.\",\"breadcrumb\":{\"@id\":\"https:\/\/explotumarca.com\/?product=logitech-screen-share#breadcrumb\"},\"inLanguage\":\"es\",\"potentialAction\":[{\"@type\":\"ReadAction\",\"target\":[\"https:\/\/explotumarca.com\/?product=logitech-screen-share\"]}]},{\"@type\":\"ImageObject\",\"inLanguage\":\"es\",\"@id\":\"https:\/\/explotumarca.com\/?product=logitech-screen-share#primaryimage\",\"url\":\"https:\/\/explotumarca.com\/wp-content\/uploads\/2022\/04\/LOGITECH-SCREEN-SHARE-SISTEMA-DE-IDEOCONFERENCIA-EXPLO-EXPLOTUMARCA.jpg\",\"contentUrl\":\"https:\/\/explotumarca.com\/wp-content\/uploads\/2022\/04\/LOGITECH-SCREEN-SHARE-SISTEMA-DE-IDEOCONFERENCIA-EXPLO-EXPLOTUMARCA.jpg\",\"width\":450,\"height\":450,\"caption\":\"LOGITECH SCREEN SHARE SISTEMA DE IDEOCONFERENCIA EXPLO EXPLOTUMARCA\"},{\"@type\":\"BreadcrumbList\",\"@id\":\"https:\/\/explotumarca.com\/?product=logitech-screen-share#breadcrumb\",\"itemListElement\":[{\"@type\":\"ListItem\",\"position\":1,\"name\":\"Inicio\",\"item\":\"https:\/\/explotumarca.com\/\"},{\"@type\":\"ListItem\",\"position\":2,\"name\":\"Productos\",\"item\":\"https:\/\/explotumarca.com\/?post_type=product\"},{\"@type\":\"ListItem\",\"position\":3,\"name\":\"LOGITECH SCREEN SHARE\"}]},{\"@type\":\"WebSite\",\"@id\":\"https:\/\/explotumarca.com\/#website\",\"url\":\"https:\/\/explotumarca.com\/\",\"name\":\"Explo\",\"description\":\"Productos y servicios corporativos\",\"publisher\":{\"@id\":\"https:\/\/explotumarca.com\/#organization\"},\"potentialAction\":[{\"@type\":\"SearchAction\",\"target\":{\"@type\":\"EntryPoint\",\"urlTemplate\":\"https:\/\/explotumarca.com\/?s={search_term_string}\"},\"query-input\":{\"@type\":\"PropertyValueSpecification\",\"valueRequired\":true,\"valueName\":\"search_term_string\"}}],\"inLanguage\":\"es\"},{\"@type\":\"Organization\",\"@id\":\"https:\/\/explotumarca.com\/#organization\",\"name\":\"Explo\",\"url\":\"https:\/\/explotumarca.com\/\",\"logo\":{\"@type\":\"ImageObject\",\"inLanguage\":\"es\",\"@id\":\"https:\/\/explotumarca.com\/#\/schema\/logo\/image\/\",\"url\":\"http:\/\/arsnovamx.com\/explotumarca.com\/wp-content\/uploads\/2020\/10\/Nuevo-Logo-Explo-2020.jpg\",\"contentUrl\":\"http:\/\/arsnovamx.com\/explotumarca.com\/wp-content\/uploads\/2020\/10\/Nuevo-Logo-Explo-2020.jpg\",\"width\":800,\"height\":334,\"caption\":\"Explo\"},\"image\":{\"@id\":\"https:\/\/explotumarca.com\/#\/schema\/logo\/image\/\"},\"sameAs\":[\"https:\/\/www.facebook.com\/MexicoExplo\/\"]}]}<\/script>\n<!-- \/ Yoast SEO Premium plugin. -->","yoast_head_json":{"title":"Zoom videollamadas; venta de equipos especiales para zoom","description":"Venta de equipos, salas, mantenimiento y capacitaci\u00f3n de zoom videollamadas para Empresas en M\u00e9xico. Cotiza los mejores equipos 2020.","robots":{"index":"index","follow":"follow","max-snippet":"max-snippet:-1","max-image-preview":"max-image-preview:large","max-video-preview":"max-video-preview:-1"},"canonical":"https:\/\/explotumarca.com\/?product=logitech-screen-share","og_locale":"es_MX","og_type":"article","og_title":"LOGITECH SCREEN SHARE","og_description":"LOGITECH SCREEN SHARE Una forma r\u00e1pida, sencilla y asequible de compartir contenido en salas de conferencias y reuniones online. INTERCAMBIO DE CONTENIDO","og_url":"https:\/\/explotumarca.com\/?product=logitech-screen-share","og_site_name":"Explo","article_publisher":"https:\/\/www.facebook.com\/MexicoExplo\/","article_modified_time":"2022-04-11T17:54:06+00:00","og_image":[{"width":450,"height":450,"url":"https:\/\/explotumarca.com\/wp-content\/uploads\/2022\/04\/LOGITECH-SCREEN-SHARE-SISTEMA-DE-IDEOCONFERENCIA-EXPLO-EXPLOTUMARCA.jpg","type":"image\/jpeg"}],"twitter_card":"summary_large_image","twitter_misc":{"Tiempo de lectura":"2 minutos"},"schema":{"@context":"https:\/\/schema.org","@graph":[{"@type":"WebPage","@id":"https:\/\/explotumarca.com\/?product=logitech-screen-share","url":"https:\/\/explotumarca.com\/?product=logitech-screen-share","name":"Zoom videollamadas; venta de equipos especiales para zoom","isPartOf":{"@id":"https:\/\/explotumarca.com\/#website"},"primaryImageOfPage":{"@id":"https:\/\/explotumarca.com\/?product=logitech-screen-share#primaryimage"},"image":{"@id":"https:\/\/explotumarca.com\/?product=logitech-screen-share#primaryimage"},"thumbnailUrl":"https:\/\/explotumarca.com\/wp-content\/uploads\/2022\/04\/LOGITECH-SCREEN-SHARE-SISTEMA-DE-IDEOCONFERENCIA-EXPLO-EXPLOTUMARCA.jpg","datePublished":"2022-04-02T00:00:05+00:00","dateModified":"2022-04-11T17:54:06+00:00","description":"Venta de equipos, salas, mantenimiento y capacitaci\u00f3n de zoom videollamadas para Empresas en M\u00e9xico. Cotiza los mejores equipos 2020.","breadcrumb":{"@id":"https:\/\/explotumarca.com\/?product=logitech-screen-share#breadcrumb"},"inLanguage":"es","potentialAction":[{"@type":"ReadAction","target":["https:\/\/explotumarca.com\/?product=logitech-screen-share"]}]},{"@type":"ImageObject","inLanguage":"es","@id":"https:\/\/explotumarca.com\/?product=logitech-screen-share#primaryimage","url":"https:\/\/explotumarca.com\/wp-content\/uploads\/2022\/04\/LOGITECH-SCREEN-SHARE-SISTEMA-DE-IDEOCONFERENCIA-EXPLO-EXPLOTUMARCA.jpg","contentUrl":"https:\/\/explotumarca.com\/wp-content\/uploads\/2022\/04\/LOGITECH-SCREEN-SHARE-SISTEMA-DE-IDEOCONFERENCIA-EXPLO-EXPLOTUMARCA.jpg","width":450,"height":450,"caption":"LOGITECH SCREEN SHARE SISTEMA DE IDEOCONFERENCIA EXPLO EXPLOTUMARCA"},{"@type":"BreadcrumbList","@id":"https:\/\/explotumarca.com\/?product=logitech-screen-share#breadcrumb","itemListElement":[{"@type":"ListItem","position":1,"name":"Inicio","item":"https:\/\/explotumarca.com\/"},{"@type":"ListItem","position":2,"name":"Productos","item":"https:\/\/explotumarca.com\/?post_type=product"},{"@type":"ListItem","position":3,"name":"LOGITECH SCREEN SHARE"}]},{"@type":"WebSite","@id":"https:\/\/explotumarca.com\/#website","url":"https:\/\/explotumarca.com\/","name":"Explo","description":"Productos y servicios corporativos","publisher":{"@id":"https:\/\/explotumarca.com\/#organization"},"potentialAction":[{"@type":"SearchAction","target":{"@type":"EntryPoint","urlTemplate":"https:\/\/explotumarca.com\/?s={search_term_string}"},"query-input":{"@type":"PropertyValueSpecification","valueRequired":true,"valueName":"search_term_string"}}],"inLanguage":"es"},{"@type":"Organization","@id":"https:\/\/explotumarca.com\/#organization","name":"Explo","url":"https:\/\/explotumarca.com\/","logo":{"@type":"ImageObject","inLanguage":"es","@id":"https:\/\/explotumarca.com\/#\/schema\/logo\/image\/","url":"http:\/\/arsnovamx.com\/explotumarca.com\/wp-content\/uploads\/2020\/10\/Nuevo-Logo-Explo-2020.jpg","contentUrl":"http:\/\/arsnovamx.com\/explotumarca.com\/wp-content\/uploads\/2020\/10\/Nuevo-Logo-Explo-2020.jpg","width":800,"height":334,"caption":"Explo"},"image":{"@id":"https:\/\/explotumarca.com\/#\/schema\/logo\/image\/"},"sameAs":["https:\/\/www.facebook.com\/MexicoExplo\/"]}]}},"_links":{"self":[{"href":"https:\/\/explotumarca.com\/index.php?rest_route=\/wp\/v2\/product\/5980","targetHints":{"allow":["GET"]}}],"collection":[{"href":"https:\/\/explotumarca.com\/index.php?rest_route=\/wp\/v2\/product"}],"about":[{"href":"https:\/\/explotumarca.com\/index.php?rest_route=\/wp\/v2\/types\/product"}],"wp:featuredmedia":[{"embeddable":true,"href":"https:\/\/explotumarca.com\/index.php?rest_route=\/wp\/v2\/media\/5983"}],"wp:attachment":[{"href":"https:\/\/explotumarca.com\/index.php?rest_route=%2Fwp%2Fv2%2Fmedia&parent=5980"}],"wp:term":[{"taxonomy":"product_cat","embeddable":true,"href":"https:\/\/explotumarca.com\/index.php?rest_route=%2Fwp%2Fv2%2Fproduct_cat&post=5980"},{"taxonomy":"product_tag","embeddable":true,"href":"https:\/\/explotumarca.com\/index.php?rest_route=%2Fwp%2Fv2%2Fproduct_tag&post=5980"}],"curies":[{"name":"wp","href":"https:\/\/api.w.org\/{rel}","templated":true}]}}