{"id":6460,"date":"2024-08-08T16:40:29","date_gmt":"2024-08-08T22:40:29","guid":{"rendered":"https:\/\/explotumarca.com\/?post_type=product&#038;p=6460"},"modified":"2024-08-08T16:43:22","modified_gmt":"2024-08-08T22:43:22","slug":"reparto-de-folleteria-en-cdmx","status":"publish","type":"product","link":"https:\/\/explotumarca.com\/?product=reparto-de-folleteria-en-cdmx","title":{"rendered":"Reparto de Folleteria en CDMX"},"content":{"rendered":"<h3>Servicio de Publiandate Luminoso en CDMX por 6hrs<\/h3>\n<div class=\"fusion-li-item-content\">Incluye:<\/div>\n<div>&#8211; Operador<\/div>\n<div>&#8211; 6hrs de servicio<\/div>\n<div>&#8211; Reportes en tiempo real con evidencias videofotogr\u00e1ficas<\/div>\n<div>&#8211; Reparto de casa en casa<\/div>\n<div><\/div>\n<div>Es muy sencillo contratar el servicio:<\/div>\n<div>1. Ll\u00e1manos o m\u00e1ndanos WhatsApp<\/div>\n<div>2. Comp\u00e1rtenos tus necesidades de reparto que ocupas<\/div>\n<div>3. Te mandaremos un plan a tu medida<\/div>\n<div><\/div>\n<div>El costo de la producci\u00f3n de la pancarta se cotiza por separado (tama\u00f1o 3.5mX1.5m)<\/div>\n<div><\/div>\n<div>*Precios m\u00e1s IVA. Abarcamos el 98% del \u00e1rea metropolitana que incluyen todas las alcald\u00edas de la CDMX.<\/div>\n<div><\/div>\n<div><\/div>\n<div><\/div>\n","protected":false},"excerpt":{"rendered":"<p>Servicio de Publiandate Luminoso en CDMX por 6hrs Incluye: &#8211; Operador &#8211; 6hrs de servicio &#8211; Reportes en tiempo real con evidencias videofotogr\u00e1ficas &#8211; Reparto de casa en casa Es muy sencillo contratar el servicio: [&hellip;]<\/p>\n","protected":false},"featured_media":6453,"template":"","meta":{"content-type":""},"product_cat":[114],"product_tag":[],"class_list":{"0":"post-6460","1":"product","2":"type-product","3":"status-publish","4":"has-post-thumbnail","6":"product_cat-street-marketing","8":"first","9":"instock","10":"taxable","11":"shipping-taxable","12":"purchasable","13":"product-type-simple"},"yoast_head":"<!-- This site is optimized with the Yoast SEO Premium plugin v18.8 (Yoast SEO v26.8) - https:\/\/yoast.com\/product\/yoast-seo-premium-wordpress\/ -->\n<title>\u00a1Vallas M\u00f3viles Publicitarias en M\u00e9xico, las mejores Campa\u00f1as!<\/title>\n<meta name=\"description\" content=\"Vallas M\u00f3viles Publicitarias en CDMX, Quer\u00e9taro, Canc\u00fan, M\u00e9rida, Guadalajara, Monterrey, Veracruz, Acapulco, Pachuca, Morelos, Estado de M\u00e9xico...\" \/>\n<meta name=\"robots\" content=\"index, follow, max-snippet:-1, max-image-preview:large, max-video-preview:-1\" \/>\n<link rel=\"canonical\" href=\"https:\/\/explotumarca.com\/?product=reparto-de-folleteria-en-cdmx\" \/>\n<meta property=\"og:locale\" content=\"es_MX\" \/>\n<meta property=\"og:type\" content=\"article\" \/>\n<meta property=\"og:title\" content=\"Reparto de Folleteria en CDMX\" \/>\n<meta property=\"og:description\" content=\"Servicio de Publiandate Luminoso en CDMX por 6hrs Incluye: - Operador - 6hrs de servicio - Reportes en tiempo real con evidencias videofotogr\u00e1ficas -\" \/>\n<meta property=\"og:url\" content=\"https:\/\/explotumarca.com\/?product=reparto-de-folleteria-en-cdmx\" \/>\n<meta property=\"og:site_name\" content=\"Explo\" \/>\n<meta property=\"article:publisher\" content=\"https:\/\/www.facebook.com\/MexicoExplo\/\" \/>\n<meta property=\"article:modified_time\" content=\"2024-08-08T22:43:22+00:00\" \/>\n<meta property=\"og:image\" content=\"https:\/\/explotumarca.com\/wp-content\/uploads\/2024\/07\/Reparto-de-volantes-flyers-tripticos-folletos-folleteria-distribucion-explo-explotumarca-de-casa-en-casa-street-marketing.jpg\" \/>\n\t<meta property=\"og:image:width\" content=\"2000\" \/>\n\t<meta property=\"og:image:height\" content=\"2000\" \/>\n\t<meta property=\"og:image:type\" content=\"image\/jpeg\" \/>\n<meta name=\"twitter:card\" content=\"summary_large_image\" \/>\n<meta name=\"twitter:label1\" content=\"Tiempo de lectura\" \/>\n\t<meta name=\"twitter:data1\" content=\"1 minuto\" \/>\n<script type=\"application\/ld+json\" class=\"yoast-schema-graph\">{\"@context\":\"https:\/\/schema.org\",\"@graph\":[{\"@type\":\"WebPage\",\"@id\":\"https:\/\/explotumarca.com\/?product=reparto-de-folleteria-en-cdmx\",\"url\":\"https:\/\/explotumarca.com\/?product=reparto-de-folleteria-en-cdmx\",\"name\":\"\u00a1Vallas M\u00f3viles Publicitarias en M\u00e9xico, las mejores Campa\u00f1as!\",\"isPartOf\":{\"@id\":\"https:\/\/explotumarca.com\/#website\"},\"primaryImageOfPage\":{\"@id\":\"https:\/\/explotumarca.com\/?product=reparto-de-folleteria-en-cdmx#primaryimage\"},\"image\":{\"@id\":\"https:\/\/explotumarca.com\/?product=reparto-de-folleteria-en-cdmx#primaryimage\"},\"thumbnailUrl\":\"https:\/\/explotumarca.com\/wp-content\/uploads\/2024\/07\/Reparto-de-volantes-flyers-tripticos-folletos-folleteria-distribucion-explo-explotumarca-de-casa-en-casa-street-marketing.jpg\",\"datePublished\":\"2024-08-08T22:40:29+00:00\",\"dateModified\":\"2024-08-08T22:43:22+00:00\",\"description\":\"Vallas M\u00f3viles Publicitarias en CDMX, Quer\u00e9taro, Canc\u00fan, M\u00e9rida, Guadalajara, Monterrey, Veracruz, Acapulco, Pachuca, Morelos, Estado de M\u00e9xico...\",\"breadcrumb\":{\"@id\":\"https:\/\/explotumarca.com\/?product=reparto-de-folleteria-en-cdmx#breadcrumb\"},\"inLanguage\":\"es\",\"potentialAction\":[{\"@type\":\"ReadAction\",\"target\":[\"https:\/\/explotumarca.com\/?product=reparto-de-folleteria-en-cdmx\"]}]},{\"@type\":\"ImageObject\",\"inLanguage\":\"es\",\"@id\":\"https:\/\/explotumarca.com\/?product=reparto-de-folleteria-en-cdmx#primaryimage\",\"url\":\"https:\/\/explotumarca.com\/wp-content\/uploads\/2024\/07\/Reparto-de-volantes-flyers-tripticos-folletos-folleteria-distribucion-explo-explotumarca-de-casa-en-casa-street-marketing.jpg\",\"contentUrl\":\"https:\/\/explotumarca.com\/wp-content\/uploads\/2024\/07\/Reparto-de-volantes-flyers-tripticos-folletos-folleteria-distribucion-explo-explotumarca-de-casa-en-casa-street-marketing.jpg\",\"width\":2000,\"height\":2000,\"caption\":\"Valla Humana en semaforos\"},{\"@type\":\"BreadcrumbList\",\"@id\":\"https:\/\/explotumarca.com\/?product=reparto-de-folleteria-en-cdmx#breadcrumb\",\"itemListElement\":[{\"@type\":\"ListItem\",\"position\":1,\"name\":\"Inicio\",\"item\":\"https:\/\/explotumarca.com\/\"},{\"@type\":\"ListItem\",\"position\":2,\"name\":\"Productos\",\"item\":\"https:\/\/explotumarca.com\/?post_type=product\"},{\"@type\":\"ListItem\",\"position\":3,\"name\":\"Reparto de Folleteria en CDMX\"}]},{\"@type\":\"WebSite\",\"@id\":\"https:\/\/explotumarca.com\/#website\",\"url\":\"https:\/\/explotumarca.com\/\",\"name\":\"Explo\",\"description\":\"Productos y servicios corporativos\",\"publisher\":{\"@id\":\"https:\/\/explotumarca.com\/#organization\"},\"potentialAction\":[{\"@type\":\"SearchAction\",\"target\":{\"@type\":\"EntryPoint\",\"urlTemplate\":\"https:\/\/explotumarca.com\/?s={search_term_string}\"},\"query-input\":{\"@type\":\"PropertyValueSpecification\",\"valueRequired\":true,\"valueName\":\"search_term_string\"}}],\"inLanguage\":\"es\"},{\"@type\":\"Organization\",\"@id\":\"https:\/\/explotumarca.com\/#organization\",\"name\":\"Explo\",\"url\":\"https:\/\/explotumarca.com\/\",\"logo\":{\"@type\":\"ImageObject\",\"inLanguage\":\"es\",\"@id\":\"https:\/\/explotumarca.com\/#\/schema\/logo\/image\/\",\"url\":\"http:\/\/arsnovamx.com\/explotumarca.com\/wp-content\/uploads\/2020\/10\/Nuevo-Logo-Explo-2020.jpg\",\"contentUrl\":\"http:\/\/arsnovamx.com\/explotumarca.com\/wp-content\/uploads\/2020\/10\/Nuevo-Logo-Explo-2020.jpg\",\"width\":800,\"height\":334,\"caption\":\"Explo\"},\"image\":{\"@id\":\"https:\/\/explotumarca.com\/#\/schema\/logo\/image\/\"},\"sameAs\":[\"https:\/\/www.facebook.com\/MexicoExplo\/\"]}]}<\/script>\n<!-- \/ Yoast SEO Premium plugin. -->","yoast_head_json":{"title":"\u00a1Vallas M\u00f3viles Publicitarias en M\u00e9xico, las mejores Campa\u00f1as!","description":"Vallas M\u00f3viles Publicitarias en CDMX, Quer\u00e9taro, Canc\u00fan, M\u00e9rida, Guadalajara, Monterrey, Veracruz, Acapulco, Pachuca, Morelos, Estado de M\u00e9xico...","robots":{"index":"index","follow":"follow","max-snippet":"max-snippet:-1","max-image-preview":"max-image-preview:large","max-video-preview":"max-video-preview:-1"},"canonical":"https:\/\/explotumarca.com\/?product=reparto-de-folleteria-en-cdmx","og_locale":"es_MX","og_type":"article","og_title":"Reparto de Folleteria en CDMX","og_description":"Servicio de Publiandate Luminoso en CDMX por 6hrs Incluye: - Operador - 6hrs de servicio - Reportes en tiempo real con evidencias videofotogr\u00e1ficas -","og_url":"https:\/\/explotumarca.com\/?product=reparto-de-folleteria-en-cdmx","og_site_name":"Explo","article_publisher":"https:\/\/www.facebook.com\/MexicoExplo\/","article_modified_time":"2024-08-08T22:43:22+00:00","og_image":[{"width":2000,"height":2000,"url":"https:\/\/explotumarca.com\/wp-content\/uploads\/2024\/07\/Reparto-de-volantes-flyers-tripticos-folletos-folleteria-distribucion-explo-explotumarca-de-casa-en-casa-street-marketing.jpg","type":"image\/jpeg"}],"twitter_card":"summary_large_image","twitter_misc":{"Tiempo de lectura":"1 minuto"},"schema":{"@context":"https:\/\/schema.org","@graph":[{"@type":"WebPage","@id":"https:\/\/explotumarca.com\/?product=reparto-de-folleteria-en-cdmx","url":"https:\/\/explotumarca.com\/?product=reparto-de-folleteria-en-cdmx","name":"\u00a1Vallas M\u00f3viles Publicitarias en M\u00e9xico, las mejores Campa\u00f1as!","isPartOf":{"@id":"https:\/\/explotumarca.com\/#website"},"primaryImageOfPage":{"@id":"https:\/\/explotumarca.com\/?product=reparto-de-folleteria-en-cdmx#primaryimage"},"image":{"@id":"https:\/\/explotumarca.com\/?product=reparto-de-folleteria-en-cdmx#primaryimage"},"thumbnailUrl":"https:\/\/explotumarca.com\/wp-content\/uploads\/2024\/07\/Reparto-de-volantes-flyers-tripticos-folletos-folleteria-distribucion-explo-explotumarca-de-casa-en-casa-street-marketing.jpg","datePublished":"2024-08-08T22:40:29+00:00","dateModified":"2024-08-08T22:43:22+00:00","description":"Vallas M\u00f3viles Publicitarias en CDMX, Quer\u00e9taro, Canc\u00fan, M\u00e9rida, Guadalajara, Monterrey, Veracruz, Acapulco, Pachuca, Morelos, Estado de M\u00e9xico...","breadcrumb":{"@id":"https:\/\/explotumarca.com\/?product=reparto-de-folleteria-en-cdmx#breadcrumb"},"inLanguage":"es","potentialAction":[{"@type":"ReadAction","target":["https:\/\/explotumarca.com\/?product=reparto-de-folleteria-en-cdmx"]}]},{"@type":"ImageObject","inLanguage":"es","@id":"https:\/\/explotumarca.com\/?product=reparto-de-folleteria-en-cdmx#primaryimage","url":"https:\/\/explotumarca.com\/wp-content\/uploads\/2024\/07\/Reparto-de-volantes-flyers-tripticos-folletos-folleteria-distribucion-explo-explotumarca-de-casa-en-casa-street-marketing.jpg","contentUrl":"https:\/\/explotumarca.com\/wp-content\/uploads\/2024\/07\/Reparto-de-volantes-flyers-tripticos-folletos-folleteria-distribucion-explo-explotumarca-de-casa-en-casa-street-marketing.jpg","width":2000,"height":2000,"caption":"Valla Humana en semaforos"},{"@type":"BreadcrumbList","@id":"https:\/\/explotumarca.com\/?product=reparto-de-folleteria-en-cdmx#breadcrumb","itemListElement":[{"@type":"ListItem","position":1,"name":"Inicio","item":"https:\/\/explotumarca.com\/"},{"@type":"ListItem","position":2,"name":"Productos","item":"https:\/\/explotumarca.com\/?post_type=product"},{"@type":"ListItem","position":3,"name":"Reparto de Folleteria en CDMX"}]},{"@type":"WebSite","@id":"https:\/\/explotumarca.com\/#website","url":"https:\/\/explotumarca.com\/","name":"Explo","description":"Productos y servicios corporativos","publisher":{"@id":"https:\/\/explotumarca.com\/#organization"},"potentialAction":[{"@type":"SearchAction","target":{"@type":"EntryPoint","urlTemplate":"https:\/\/explotumarca.com\/?s={search_term_string}"},"query-input":{"@type":"PropertyValueSpecification","valueRequired":true,"valueName":"search_term_string"}}],"inLanguage":"es"},{"@type":"Organization","@id":"https:\/\/explotumarca.com\/#organization","name":"Explo","url":"https:\/\/explotumarca.com\/","logo":{"@type":"ImageObject","inLanguage":"es","@id":"https:\/\/explotumarca.com\/#\/schema\/logo\/image\/","url":"http:\/\/arsnovamx.com\/explotumarca.com\/wp-content\/uploads\/2020\/10\/Nuevo-Logo-Explo-2020.jpg","contentUrl":"http:\/\/arsnovamx.com\/explotumarca.com\/wp-content\/uploads\/2020\/10\/Nuevo-Logo-Explo-2020.jpg","width":800,"height":334,"caption":"Explo"},"image":{"@id":"https:\/\/explotumarca.com\/#\/schema\/logo\/image\/"},"sameAs":["https:\/\/www.facebook.com\/MexicoExplo\/"]}]}},"_links":{"self":[{"href":"https:\/\/explotumarca.com\/index.php?rest_route=\/wp\/v2\/product\/6460","targetHints":{"allow":["GET"]}}],"collection":[{"href":"https:\/\/explotumarca.com\/index.php?rest_route=\/wp\/v2\/product"}],"about":[{"href":"https:\/\/explotumarca.com\/index.php?rest_route=\/wp\/v2\/types\/product"}],"wp:featuredmedia":[{"embeddable":true,"href":"https:\/\/explotumarca.com\/index.php?rest_route=\/wp\/v2\/media\/6453"}],"wp:attachment":[{"href":"https:\/\/explotumarca.com\/index.php?rest_route=%2Fwp%2Fv2%2Fmedia&parent=6460"}],"wp:term":[{"taxonomy":"product_cat","embeddable":true,"href":"https:\/\/explotumarca.com\/index.php?rest_route=%2Fwp%2Fv2%2Fproduct_cat&post=6460"},{"taxonomy":"product_tag","embeddable":true,"href":"https:\/\/explotumarca.com\/index.php?rest_route=%2Fwp%2Fv2%2Fproduct_tag&post=6460"}],"curies":[{"name":"wp","href":"https:\/\/api.w.org\/{rel}","templated":true}]}}